{"id":53,"date":"2019-05-07T13:02:07","date_gmt":"2019-05-07T11:02:07","guid":{"rendered":"http:\/\/krass.hero-mail.de\/?page_id=53"},"modified":"2021-12-01T11:28:11","modified_gmt":"2021-12-01T10:28:11","slug":"psychosomatische-grundversorgung","status":"publish","type":"page","link":"https:\/\/www.frauenheilkunde-krass.de\/index.php\/psychosomatische-grundversorgung\/","title":{"rendered":"Psychosomatische Grundversorgung"},"content":{"rendered":"\n<p>K\u00f6rperliche Krankheitsbilder und psychische Konflikte k\u00f6nnen Hand in Hand gehen. Wir versuchen neben k\u00f6rperlichen Erkrankungen auch die seelische Seite zu untersuchen bzw. psychosomatische Ursachen f\u00fcr Beschwerden aufzusp\u00fcren und den individuell passenden L\u00f6sungsweg zu finden.<br><\/p>\n\n\n\n<p>In einem 80-Stunden-Seminar Psychosomatische Grundversorgung habe ich mich mit der k\u00f6rperlichen Darstellung seelischer Konflikte befasst und gelernt, neben rein k\u00f6rperlichen Symptomen auch die ganzheitliche Sichtweise von Beschwerden zu erkennen.<br><br>Dar\u00fcber hinaus habe ich \u00fcber 4 Jahre (2015 \u2013 2018) die Ausbildung zur Life-Trainerin\/ Systemischer Coach f\u00fcr Bewusstseinsentwicklung und Lebensvisionen absolviert.\u00a0<br><br>In diesem Sinne ist mir die Betreuung und Beratung meiner Patient*innen mit viel Herz und Seele ein besonderes Anliegen.<\/p>\n","protected":false},"excerpt":{"rendered":"<p>K\u00f6rperliche Krankheitsbilder und psychische Konflikte k\u00f6nnen Hand in Hand gehen. Wir versuchen neben k\u00f6rperlichen Erkrankungen auch die seelische Seite zu untersuchen bzw. psychosomatische Ursachen f\u00fcr Beschwerden aufzusp\u00fcren und den individuell passenden L\u00f6sungsweg zu finden. In einem 80-Stunden-Seminar Psychosomatische Grundversorgung habe <a class=\"read-more\" href=\"https:\/\/www.frauenheilkunde-krass.de\/index.php\/psychosomatische-grundversorgung\/\">weiterlesen<\/a><\/p>\n","protected":false},"author":1,"featured_media":0,"parent":0,"menu_order":0,"comment_status":"closed","ping_status":"closed","template":"","meta":{"footnotes":""},"class_list":["post-53","page","type-page","status-publish","hentry"],"_links":{"self":[{"href":"https:\/\/www.frauenheilkunde-krass.de\/index.php\/wp-json\/wp\/v2\/pages\/53","targetHints":{"allow":["GET"]}}],"collection":[{"href":"https:\/\/www.frauenheilkunde-krass.de\/index.php\/wp-json\/wp\/v2\/pages"}],"about":[{"href":"https:\/\/www.frauenheilkunde-krass.de\/index.php\/wp-json\/wp\/v2\/types\/page"}],"author":[{"embeddable":true,"href":"https:\/\/www.frauenheilkunde-krass.de\/index.php\/wp-json\/wp\/v2\/users\/1"}],"replies":[{"embeddable":true,"href":"https:\/\/www.frauenheilkunde-krass.de\/index.php\/wp-json\/wp\/v2\/comments?post=53"}],"version-history":[{"count":5,"href":"https:\/\/www.frauenheilkunde-krass.de\/index.php\/wp-json\/wp\/v2\/pages\/53\/revisions"}],"predecessor-version":[{"id":385,"href":"https:\/\/www.frauenheilkunde-krass.de\/index.php\/wp-json\/wp\/v2\/pages\/53\/revisions\/385"}],"wp:attachment":[{"href":"https:\/\/www.frauenheilkunde-krass.de\/index.php\/wp-json\/wp\/v2\/media?parent=53"}],"curies":[{"name":"wp","href":"https:\/\/api.w.org\/{rel}","templated":true}]}}