{"id":55,"date":"2019-05-07T13:02:45","date_gmt":"2019-05-07T11:02:45","guid":{"rendered":"http:\/\/krass.hero-mail.de\/?page_id=55"},"modified":"2023-05-26T12:28:11","modified_gmt":"2023-05-26T10:28:11","slug":"willkommen-auf-der-internetseite-der-frauenarztpraxis-susanne-krass","status":"publish","type":"page","link":"https:\/\/www.frauenheilkunde-krass.de\/","title":{"rendered":"Willkommen auf der Internetseite der Frauenarztpraxis Susanne Krass."},"content":{"rendered":"\n<!-- <h3 class=\"wp-block-heading\">Aktuell: CORONA-Krise <\/h3> -->\n\n\n\n<!-- <p class=\"alert has-very-dark-gray-color has-text-color\"><strong>Liebe Patient*innen<\/strong>, <br><br>aufgrund der aktuellen Situation werden Sie einzeln in der Praxis aufgenommen und selbstverst\u00e4ndlich mit dem empfohlenen Mindestabstand zu anderen Patient*innen betreut. Alle Patient*innen m\u00fcssen bei Betreten der Praxis eine FFP 2-Maske tragen. Patient*innen mit Erk\u00e4ltungskrankheiten werden gebeten, sich zun\u00e4chst telefonisch zu melden.<br><br>Herzliche Gr\u00fc\u00dfe und vielen Dank f\u00fcr Ihr Verst\u00e4ndnis <br>S. Krass<\/p> -->\n\n\n\n<p><\/p>\n\n\n<div class=\"wp-block-image\">\n<figure class=\"alignright\"><img decoding=\"async\" src=\"https:\/\/www.frauenheilkunde-krass.de\/wp-content\/uploads\/2021\/12\/gruppenfoto3.jpg\" alt=\"\"\/><figcaption class=\"wp-element-caption\">Frauenheilkunde Krass<\/figcaption><\/figure>\n<\/div>\n\n\n<p>Seit dem 1. Januar 2008 f\u00fchre ich die Frauenarztpraxis an der Geiststra\u00dfe 23\u201325 in 48151 M\u00fcnster. Wir betreuen Sie in allen Lebensphasen, ob vom M\u00e4dchen zur jungen Frau, bei der Familienplanung und Verh\u00fctung,  in der Schwangerschaft, bei der Krebsvorsorge oder w\u00e4hrend der Wechseljahre sowie in h\u00f6herem Alter.<br><br>Auf den n\u00e4chsten Seiten finden Sie Infos zu unserer Praxis, unserem Team und zu allen Leistungen.<br><\/p>\n\n\n\n<p>Ihr Praxisteam S. Krass&nbsp;<\/p>\n\n\n\n<p><\/p>\n","protected":false},"excerpt":{"rendered":"<p>Seit dem 1. Januar 2008 f\u00fchre ich die Frauenarztpraxis an der Geiststra\u00dfe 23\u201325 in 48151 M\u00fcnster. Wir betreuen Sie in allen Lebensphasen, ob vom M\u00e4dchen zur jungen Frau, bei der Familienplanung und Verh\u00fctung, in der Schwangerschaft, bei der Krebsvorsorge oder <a class=\"read-more\" href=\"https:\/\/www.frauenheilkunde-krass.de\/\">weiterlesen<\/a><\/p>\n","protected":false},"author":1,"featured_media":0,"parent":0,"menu_order":0,"comment_status":"closed","ping_status":"closed","template":"","meta":{"footnotes":""},"class_list":["post-55","page","type-page","status-publish","hentry"],"_links":{"self":[{"href":"https:\/\/www.frauenheilkunde-krass.de\/index.php\/wp-json\/wp\/v2\/pages\/55","targetHints":{"allow":["GET"]}}],"collection":[{"href":"https:\/\/www.frauenheilkunde-krass.de\/index.php\/wp-json\/wp\/v2\/pages"}],"about":[{"href":"https:\/\/www.frauenheilkunde-krass.de\/index.php\/wp-json\/wp\/v2\/types\/page"}],"author":[{"embeddable":true,"href":"https:\/\/www.frauenheilkunde-krass.de\/index.php\/wp-json\/wp\/v2\/users\/1"}],"replies":[{"embeddable":true,"href":"https:\/\/www.frauenheilkunde-krass.de\/index.php\/wp-json\/wp\/v2\/comments?post=55"}],"version-history":[{"count":37,"href":"https:\/\/www.frauenheilkunde-krass.de\/index.php\/wp-json\/wp\/v2\/pages\/55\/revisions"}],"predecessor-version":[{"id":444,"href":"https:\/\/www.frauenheilkunde-krass.de\/index.php\/wp-json\/wp\/v2\/pages\/55\/revisions\/444"}],"wp:attachment":[{"href":"https:\/\/www.frauenheilkunde-krass.de\/index.php\/wp-json\/wp\/v2\/media?parent=55"}],"curies":[{"name":"wp","href":"https:\/\/api.w.org\/{rel}","templated":true}]}}